{"id":11,"date":"2022-06-22T14:15:53","date_gmt":"2022-06-22T12:15:53","guid":{"rendered":"https:\/\/www.citadelledesisteron.fr\/?page_id=11"},"modified":"2022-10-24T11:39:39","modified_gmt":"2022-10-24T09:39:39","slug":"accueil","status":"publish","type":"page","link":"https:\/\/www.citadelledesisteron.fr\/en\/","title":{"rendered":"Accueil"},"content":{"rendered":"<ul class=\"wp-block-latest-posts__list homeListeArticle wp-block-latest-posts\"><li><div class=\"wp-block-latest-posts__featured-image aligncenter\"><a href=\"https:\/\/www.citadelledesisteron.fr\/en\/visite-guidee-au-coucher-du-soleil-2\/\" aria-label=\"Visite guid\u00e9e au coucher du soleil\"><img loading=\"lazy\" decoding=\"async\" width=\"300\" height=\"169\" src=\"https:\/\/www.citadelledesisteron.fr\/wp-content\/uploads\/2024\/06\/Coucher-de-soleil-Citadelle-cFloriane-Auda-300x169.jpg\" class=\"attachment-medium size-medium wp-post-image\" alt=\"\" style=\"\" srcset=\"https:\/\/www.citadelledesisteron.fr\/wp-content\/uploads\/2024\/06\/Coucher-de-soleil-Citadelle-cFloriane-Auda-300x169.jpg 300w, https:\/\/www.citadelledesisteron.fr\/wp-content\/uploads\/2024\/06\/Coucher-de-soleil-Citadelle-cFloriane-Auda-1024x576.jpg 1024w, https:\/\/www.citadelledesisteron.fr\/wp-content\/uploads\/2024\/06\/Coucher-de-soleil-Citadelle-cFloriane-Auda-768x432.jpg 768w, https:\/\/www.citadelledesisteron.fr\/wp-content\/uploads\/2024\/06\/Coucher-de-soleil-Citadelle-cFloriane-Auda-1536x865.jpg 1536w, https:\/\/www.citadelledesisteron.fr\/wp-content\/uploads\/2024\/06\/Coucher-de-soleil-Citadelle-cFloriane-Auda-18x10.jpg 18w, https:\/\/www.citadelledesisteron.fr\/wp-content\/uploads\/2024\/06\/Coucher-de-soleil-Citadelle-cFloriane-Auda.jpg 1750w\" sizes=\"auto, (max-width: 300px) 100vw, 300px\" \/><\/a><\/div><a class=\"wp-block-latest-posts__post-title\" href=\"https:\/\/www.citadelledesisteron.fr\/en\/visite-guidee-au-coucher-du-soleil-2\/\">Visite guid\u00e9e au coucher du soleil<\/a><div class=\"wp-block-latest-posts__post-excerpt\">Vivez une exp\u00e9rience unique \u00e0 la Citadelle de Sisteron <\/div><\/li>\n<li><div class=\"wp-block-latest-posts__featured-image aligncenter\"><a href=\"https:\/\/www.citadelledesisteron.fr\/en\/suivez-le-guide\/\" aria-label=\"Suivez le guide !\"><img loading=\"lazy\" decoding=\"async\" width=\"300\" height=\"225\" src=\"https:\/\/www.citadelledesisteron.fr\/wp-content\/uploads\/2026\/03\/b81731ee-83b1-4883-b0c5-b85d9bce5159-300x225.jpg\" class=\"attachment-medium size-medium wp-post-image\" alt=\"\" style=\"\" srcset=\"https:\/\/www.citadelledesisteron.fr\/wp-content\/uploads\/2026\/03\/b81731ee-83b1-4883-b0c5-b85d9bce5159-300x225.jpg 300w, https:\/\/www.citadelledesisteron.fr\/wp-content\/uploads\/2026\/03\/b81731ee-83b1-4883-b0c5-b85d9bce5159-1024x768.jpg 1024w, https:\/\/www.citadelledesisteron.fr\/wp-content\/uploads\/2026\/03\/b81731ee-83b1-4883-b0c5-b85d9bce5159-768x576.jpg 768w, https:\/\/www.citadelledesisteron.fr\/wp-content\/uploads\/2026\/03\/b81731ee-83b1-4883-b0c5-b85d9bce5159-1536x1152.jpg 1536w, https:\/\/www.citadelledesisteron.fr\/wp-content\/uploads\/2026\/03\/b81731ee-83b1-4883-b0c5-b85d9bce5159-16x12.jpg 16w, https:\/\/www.citadelledesisteron.fr\/wp-content\/uploads\/2026\/03\/b81731ee-83b1-4883-b0c5-b85d9bce5159.jpg 1600w\" sizes=\"auto, (max-width: 300px) 100vw, 300px\" \/><\/a><\/div><a class=\"wp-block-latest-posts__post-title\" href=\"https:\/\/www.citadelledesisteron.fr\/en\/suivez-le-guide\/\">Suivez le guide !<\/a><div class=\"wp-block-latest-posts__post-excerpt\">Les visites guid\u00e9es pour les individuels reprennent ! Rendez-vous les dimanches et jours f\u00e9ri\u00e9s.<\/div><\/li>\n<li><div class=\"wp-block-latest-posts__featured-image aligncenter\"><a href=\"https:\/\/www.citadelledesisteron.fr\/en\/nouvelle-museographie-pour-la-citadelle-de-sisteron\/\" aria-label=\"Nouvelle mus\u00e9ographie pour la Citadelle de Sisteron\"><img loading=\"lazy\" decoding=\"async\" width=\"300\" height=\"200\" src=\"https:\/\/www.citadelledesisteron.fr\/wp-content\/uploads\/2025\/11\/ATM_2025.12.03_Installation-maquette-25-300x200.jpg\" class=\"attachment-medium size-medium wp-post-image\" alt=\"\" style=\"\" srcset=\"https:\/\/www.citadelledesisteron.fr\/wp-content\/uploads\/2025\/11\/ATM_2025.12.03_Installation-maquette-25-300x200.jpg 300w, https:\/\/www.citadelledesisteron.fr\/wp-content\/uploads\/2025\/11\/ATM_2025.12.03_Installation-maquette-25-1024x682.jpg 1024w, https:\/\/www.citadelledesisteron.fr\/wp-content\/uploads\/2025\/11\/ATM_2025.12.03_Installation-maquette-25-768x511.jpg 768w, https:\/\/www.citadelledesisteron.fr\/wp-content\/uploads\/2025\/11\/ATM_2025.12.03_Installation-maquette-25-1536x1023.jpg 1536w, https:\/\/www.citadelledesisteron.fr\/wp-content\/uploads\/2025\/11\/ATM_2025.12.03_Installation-maquette-25-18x12.jpg 18w, https:\/\/www.citadelledesisteron.fr\/wp-content\/uploads\/2025\/11\/ATM_2025.12.03_Installation-maquette-25.jpg 1750w\" sizes=\"auto, (max-width: 300px) 100vw, 300px\" \/><\/a><\/div><a class=\"wp-block-latest-posts__post-title\" href=\"https:\/\/www.citadelledesisteron.fr\/en\/nouvelle-museographie-pour-la-citadelle-de-sisteron\/\">Nouvelle mus\u00e9ographie pour la Citadelle de Sisteron<\/a><div class=\"wp-block-latest-posts__post-excerpt\">La Citadelle de Sisteron, monument embl\u00e9matique des Alpes-de-Haute-Provence, s\u2019appr\u00eate aujourd\u2019hui \u00e0 \u00e9crire une nouvelle page de son histoire.<\/div><\/li>\n<\/ul>","protected":false},"excerpt":{"rendered":"","protected":false},"author":1,"featured_media":20,"parent":0,"menu_order":0,"comment_status":"closed","ping_status":"closed","template":"template-homepage.php","meta":{"_editorskit_title_hidden":false,"_editorskit_reading_time":0,"_editorskit_is_block_options_detached":false,"_editorskit_block_options_position":"{}","om_disable_all_campaigns":false,"_monsterinsights_skip_tracking":false,"_monsterinsights_sitenote_active":false,"_monsterinsights_sitenote_note":"","_monsterinsights_sitenote_category":0,"footnotes":""},"class_list":["post-11","page","type-page","status-publish","has-post-thumbnail","hentry"],"yoast_head":"<!-- This site is optimized with the Yoast SEO plugin v27.5 - https:\/\/yoast.com\/product\/yoast-seo-wordpress\/ -->\n<title>Citadelle de Sisteron - Accueil<\/title>\n<meta name=\"description\" content=\"La Citadelle de Sisteron, monument historique class\u00e9, couronne la ville de ses enceintes, de ses bastions, de son donjon.\" \/>\n<meta name=\"robots\" content=\"index, follow, max-snippet:-1, max-image-preview:large, max-video-preview:-1\" \/>\n<link rel=\"canonical\" href=\"https:\/\/www.citadelledesisteron.fr\/en\/\" \/>\n<meta property=\"og:locale\" content=\"en_GB\" \/>\n<meta property=\"og:type\" content=\"article\" \/>\n<meta property=\"og:title\" content=\"Citadelle de Sisteron - Accueil\" \/>\n<meta property=\"og:description\" content=\"La Citadelle de Sisteron, monument historique class\u00e9, couronne la ville de ses enceintes, de ses bastions, de son donjon.\" \/>\n<meta property=\"og:url\" content=\"https:\/\/www.citadelledesisteron.fr\/en\/\" \/>\n<meta property=\"og:site_name\" content=\"Citadelle de Sisteron\" \/>\n<meta property=\"article:publisher\" content=\"https:\/\/www.facebook.com\/citadelledesisteron\/\" \/>\n<meta property=\"article:modified_time\" content=\"2022-10-24T09:39:39+00:00\" \/>\n<meta property=\"og:image\" content=\"https:\/\/www.citadelledesisteron.fr\/wp-content\/uploads\/2022\/06\/citadelleCover-min.png\" \/>\n\t<meta property=\"og:image:width\" content=\"1750\" \/>\n\t<meta property=\"og:image:height\" content=\"1006\" \/>\n\t<meta property=\"og:image:type\" content=\"image\/png\" \/>\n<meta name=\"twitter:card\" content=\"summary_large_image\" \/>\n<script type=\"application\/ld+json\" class=\"yoast-schema-graph\">{\"@context\":\"https:\\\/\\\/schema.org\",\"@graph\":[{\"@type\":\"WebPage\",\"@id\":\"https:\\\/\\\/www.citadelledesisteron.fr\\\/\",\"url\":\"https:\\\/\\\/www.citadelledesisteron.fr\\\/\",\"name\":\"Citadelle de Sisteron - Accueil\",\"isPartOf\":{\"@id\":\"https:\\\/\\\/www.citadelledesisteron.fr\\\/#website\"},\"primaryImageOfPage\":{\"@id\":\"https:\\\/\\\/www.citadelledesisteron.fr\\\/#primaryimage\"},\"image\":{\"@id\":\"https:\\\/\\\/www.citadelledesisteron.fr\\\/#primaryimage\"},\"thumbnailUrl\":\"https:\\\/\\\/www.citadelledesisteron.fr\\\/wp-content\\\/uploads\\\/2022\\\/06\\\/citadelleCover-min.png\",\"datePublished\":\"2022-06-22T12:15:53+00:00\",\"dateModified\":\"2022-10-24T09:39:39+00:00\",\"description\":\"La Citadelle de Sisteron, monument historique class\u00e9, couronne la ville de ses enceintes, de ses bastions, de son donjon.\",\"breadcrumb\":{\"@id\":\"https:\\\/\\\/www.citadelledesisteron.fr\\\/#breadcrumb\"},\"inLanguage\":\"en-GB\",\"potentialAction\":[{\"@type\":\"ReadAction\",\"target\":[\"https:\\\/\\\/www.citadelledesisteron.fr\\\/\"]}]},{\"@type\":\"ImageObject\",\"inLanguage\":\"en-GB\",\"@id\":\"https:\\\/\\\/www.citadelledesisteron.fr\\\/#primaryimage\",\"url\":\"https:\\\/\\\/www.citadelledesisteron.fr\\\/wp-content\\\/uploads\\\/2022\\\/06\\\/citadelleCover-min.png\",\"contentUrl\":\"https:\\\/\\\/www.citadelledesisteron.fr\\\/wp-content\\\/uploads\\\/2022\\\/06\\\/citadelleCover-min.png\",\"width\":1750,\"height\":1006},{\"@type\":\"BreadcrumbList\",\"@id\":\"https:\\\/\\\/www.citadelledesisteron.fr\\\/#breadcrumb\",\"itemListElement\":[{\"@type\":\"ListItem\",\"position\":1,\"name\":\"Accueil\",\"item\":\"https:\\\/\\\/www.citadelledesisteron.fr\\\/\"},{\"@type\":\"ListItem\",\"position\":2,\"name\":\"Accueil\"}]},{\"@type\":\"WebSite\",\"@id\":\"https:\\\/\\\/www.citadelledesisteron.fr\\\/#website\",\"url\":\"https:\\\/\\\/www.citadelledesisteron.fr\\\/\",\"name\":\"Citadelle de Sisteron\",\"description\":\"Un site utilisant WordPress\",\"publisher\":{\"@id\":\"https:\\\/\\\/www.citadelledesisteron.fr\\\/#organization\"},\"potentialAction\":[{\"@type\":\"SearchAction\",\"target\":{\"@type\":\"EntryPoint\",\"urlTemplate\":\"https:\\\/\\\/www.citadelledesisteron.fr\\\/?s={search_term_string}\"},\"query-input\":{\"@type\":\"PropertyValueSpecification\",\"valueRequired\":true,\"valueName\":\"search_term_string\"}}],\"inLanguage\":\"en-GB\"},{\"@type\":\"Organization\",\"@id\":\"https:\\\/\\\/www.citadelledesisteron.fr\\\/#organization\",\"name\":\"Citadelle de Sisteron\",\"url\":\"https:\\\/\\\/www.citadelledesisteron.fr\\\/\",\"logo\":{\"@type\":\"ImageObject\",\"inLanguage\":\"en-GB\",\"@id\":\"https:\\\/\\\/www.citadelledesisteron.fr\\\/#\\\/schema\\\/logo\\\/image\\\/\",\"url\":\"https:\\\/\\\/www.citadelledesisteron.fr\\\/wp-content\\\/uploads\\\/2022\\\/06\\\/cropped-citadelleSisteron.png\",\"contentUrl\":\"https:\\\/\\\/www.citadelledesisteron.fr\\\/wp-content\\\/uploads\\\/2022\\\/06\\\/cropped-citadelleSisteron.png\",\"width\":835,\"height\":231,\"caption\":\"Citadelle de Sisteron\"},\"image\":{\"@id\":\"https:\\\/\\\/www.citadelledesisteron.fr\\\/#\\\/schema\\\/logo\\\/image\\\/\"},\"sameAs\":[\"https:\\\/\\\/www.facebook.com\\\/citadelledesisteron\\\/\",\"https:\\\/\\\/www.youtube.com\\\/channel\\\/UC3a5Quz-UGKoYbE23Y_NTyg\",\"https:\\\/\\\/www.instagram.com\\\/citadelledesisteron\\\/?hl=fr\"]}]}<\/script>\n<!-- \/ Yoast SEO plugin. -->","yoast_head_json":{"title":"Citadelle de Sisteron - Accueil","description":"La Citadelle de Sisteron, monument historique class\u00e9, couronne la ville de ses enceintes, de ses bastions, de son donjon.","robots":{"index":"index","follow":"follow","max-snippet":"max-snippet:-1","max-image-preview":"max-image-preview:large","max-video-preview":"max-video-preview:-1"},"canonical":"https:\/\/www.citadelledesisteron.fr\/en\/","og_locale":"en_GB","og_type":"article","og_title":"Citadelle de Sisteron - Accueil","og_description":"La Citadelle de Sisteron, monument historique class\u00e9, couronne la ville de ses enceintes, de ses bastions, de son donjon.","og_url":"https:\/\/www.citadelledesisteron.fr\/en\/","og_site_name":"Citadelle de Sisteron","article_publisher":"https:\/\/www.facebook.com\/citadelledesisteron\/","article_modified_time":"2022-10-24T09:39:39+00:00","og_image":[{"width":1750,"height":1006,"url":"https:\/\/www.citadelledesisteron.fr\/wp-content\/uploads\/2022\/06\/citadelleCover-min.png","type":"image\/png"}],"twitter_card":"summary_large_image","schema":{"@context":"https:\/\/schema.org","@graph":[{"@type":"WebPage","@id":"https:\/\/www.citadelledesisteron.fr\/","url":"https:\/\/www.citadelledesisteron.fr\/","name":"Citadelle de Sisteron - Accueil","isPartOf":{"@id":"https:\/\/www.citadelledesisteron.fr\/#website"},"primaryImageOfPage":{"@id":"https:\/\/www.citadelledesisteron.fr\/#primaryimage"},"image":{"@id":"https:\/\/www.citadelledesisteron.fr\/#primaryimage"},"thumbnailUrl":"https:\/\/www.citadelledesisteron.fr\/wp-content\/uploads\/2022\/06\/citadelleCover-min.png","datePublished":"2022-06-22T12:15:53+00:00","dateModified":"2022-10-24T09:39:39+00:00","description":"La Citadelle de Sisteron, monument historique class\u00e9, couronne la ville de ses enceintes, de ses bastions, de son donjon.","breadcrumb":{"@id":"https:\/\/www.citadelledesisteron.fr\/#breadcrumb"},"inLanguage":"en-GB","potentialAction":[{"@type":"ReadAction","target":["https:\/\/www.citadelledesisteron.fr\/"]}]},{"@type":"ImageObject","inLanguage":"en-GB","@id":"https:\/\/www.citadelledesisteron.fr\/#primaryimage","url":"https:\/\/www.citadelledesisteron.fr\/wp-content\/uploads\/2022\/06\/citadelleCover-min.png","contentUrl":"https:\/\/www.citadelledesisteron.fr\/wp-content\/uploads\/2022\/06\/citadelleCover-min.png","width":1750,"height":1006},{"@type":"BreadcrumbList","@id":"https:\/\/www.citadelledesisteron.fr\/#breadcrumb","itemListElement":[{"@type":"ListItem","position":1,"name":"Accueil","item":"https:\/\/www.citadelledesisteron.fr\/"},{"@type":"ListItem","position":2,"name":"Accueil"}]},{"@type":"WebSite","@id":"https:\/\/www.citadelledesisteron.fr\/#website","url":"https:\/\/www.citadelledesisteron.fr\/","name":"Citadelle de Sisteron","description":"Un site utilisant WordPress","publisher":{"@id":"https:\/\/www.citadelledesisteron.fr\/#organization"},"potentialAction":[{"@type":"SearchAction","target":{"@type":"EntryPoint","urlTemplate":"https:\/\/www.citadelledesisteron.fr\/?s={search_term_string}"},"query-input":{"@type":"PropertyValueSpecification","valueRequired":true,"valueName":"search_term_string"}}],"inLanguage":"en-GB"},{"@type":"Organization","@id":"https:\/\/www.citadelledesisteron.fr\/#organization","name":"Citadelle de Sisteron","url":"https:\/\/www.citadelledesisteron.fr\/","logo":{"@type":"ImageObject","inLanguage":"en-GB","@id":"https:\/\/www.citadelledesisteron.fr\/#\/schema\/logo\/image\/","url":"https:\/\/www.citadelledesisteron.fr\/wp-content\/uploads\/2022\/06\/cropped-citadelleSisteron.png","contentUrl":"https:\/\/www.citadelledesisteron.fr\/wp-content\/uploads\/2022\/06\/cropped-citadelleSisteron.png","width":835,"height":231,"caption":"Citadelle de Sisteron"},"image":{"@id":"https:\/\/www.citadelledesisteron.fr\/#\/schema\/logo\/image\/"},"sameAs":["https:\/\/www.facebook.com\/citadelledesisteron\/","https:\/\/www.youtube.com\/channel\/UC3a5Quz-UGKoYbE23Y_NTyg","https:\/\/www.instagram.com\/citadelledesisteron\/?hl=fr"]}]}},"_links":{"self":[{"href":"https:\/\/www.citadelledesisteron.fr\/en\/wp-json\/wp\/v2\/pages\/11","targetHints":{"allow":["GET"]}}],"collection":[{"href":"https:\/\/www.citadelledesisteron.fr\/en\/wp-json\/wp\/v2\/pages"}],"about":[{"href":"https:\/\/www.citadelledesisteron.fr\/en\/wp-json\/wp\/v2\/types\/page"}],"author":[{"embeddable":true,"href":"https:\/\/www.citadelledesisteron.fr\/en\/wp-json\/wp\/v2\/users\/1"}],"replies":[{"embeddable":true,"href":"https:\/\/www.citadelledesisteron.fr\/en\/wp-json\/wp\/v2\/comments?post=11"}],"version-history":[{"count":4,"href":"https:\/\/www.citadelledesisteron.fr\/en\/wp-json\/wp\/v2\/pages\/11\/revisions"}],"predecessor-version":[{"id":56,"href":"https:\/\/www.citadelledesisteron.fr\/en\/wp-json\/wp\/v2\/pages\/11\/revisions\/56"}],"wp:featuredmedia":[{"embeddable":true,"href":"https:\/\/www.citadelledesisteron.fr\/en\/wp-json\/wp\/v2\/media\/20"}],"wp:attachment":[{"href":"https:\/\/www.citadelledesisteron.fr\/en\/wp-json\/wp\/v2\/media?parent=11"}],"curies":[{"name":"wp","href":"https:\/\/api.w.org\/{rel}","templated":true}]}}