{"id":140,"date":"2022-07-06T14:17:31","date_gmt":"2022-07-06T12:17:31","guid":{"rendered":"https:\/\/www.citadelledesisteron.fr\/?p=140"},"modified":"2024-10-08T12:23:28","modified_gmt":"2024-10-08T10:23:28","slug":"reconstitution-pont-levis-zig-zag","status":"publish","type":"page","link":"https:\/\/www.citadelledesisteron.fr\/en\/reconstitution-pont-levis-zig-zag\/","title":{"rendered":"Pont-levis"},"content":{"rendered":"<h2 class=\"wp-block-heading has-text-align-center has-text-color has-link-color has-mobile-text-align-center wp-elements-49ad6bc0f7d5a7aabd768907f612148b\" style=\"color:#bc0e0e\"><mark style=\"background-color:rgba(0, 0, 0, 0);color:#bc0e0e\" class=\"has-inline-color\">Reconstitution du pont-levis dit en \u00ab\u00a0Zig-zag\u00a0\u00bb de la Citadelle<\/mark><\/h2>\n\n\n<div class=\"wp-block-image is-style-editorskit-rounded\">\n<figure class=\"aligncenter size-full\"><img loading=\"lazy\" decoding=\"async\" width=\"527\" height=\"563\" src=\"https:\/\/www.citadelledesisteron.fr\/wp-content\/uploads\/2024\/10\/lePontLevis-min.jpeg\" alt=\"\" class=\"wp-image-1126\" srcset=\"https:\/\/www.citadelledesisteron.fr\/wp-content\/uploads\/2024\/10\/lePontLevis-min.jpeg 527w, https:\/\/www.citadelledesisteron.fr\/wp-content\/uploads\/2024\/10\/lePontLevis-min-281x300.jpeg 281w, https:\/\/www.citadelledesisteron.fr\/wp-content\/uploads\/2024\/10\/lePontLevis-min-11x12.jpeg 11w\" sizes=\"auto, (max-width: 527px) 100vw, 527px\" \/><\/figure>\n<\/div>\n\n<div class=\"wp-block-image\">\n<figure class=\"aligncenter size-full is-resized\"><img loading=\"lazy\" decoding=\"async\" width=\"832\" height=\"155\" src=\"https:\/\/www.citadelledesisteron.fr\/wp-content\/uploads\/2024\/10\/Barre-Logo.jpg\" alt=\"\" class=\"wp-image-1121\" style=\"width:429px;height:auto\" srcset=\"https:\/\/www.citadelledesisteron.fr\/wp-content\/uploads\/2024\/10\/Barre-Logo.jpg 832w, https:\/\/www.citadelledesisteron.fr\/wp-content\/uploads\/2024\/10\/Barre-Logo-300x56.jpg 300w, https:\/\/www.citadelledesisteron.fr\/wp-content\/uploads\/2024\/10\/Barre-Logo-768x143.jpg 768w, https:\/\/www.citadelledesisteron.fr\/wp-content\/uploads\/2024\/10\/Barre-Logo-18x3.jpg 18w\" sizes=\"auto, (max-width: 832px) 100vw, 832px\" \/><\/figure>\n<\/div>\n\n\n<p class=\"has-text-align-justify has-text-color\" style=\"color:#5e7670\">After several years of research into the mechanism of the drawbridge at Gate 26, the ATM association has begun work on the reconstruction of the mechanism of this so-called \"Zig-zag\" drawbridge, which is unique in France. The association called on Christian Corvisier, an architectural historian, and St\u00e9phane Berhault, an architect, (Aedificio agency) for the project study. The project was entrusted to local craftsmen, the master wrought iron worker Jean Michel Gr\u00e8s, for the supervision of the site, as well as the wrought iron worker and blacksmith Claude Duteil (Toutomarto).<\/p>\n\n\n\n<div class=\"wp-block-group\"><div class=\"wp-block-group__inner-container is-layout-constrained wp-block-group-is-layout-constrained\">\n<h2 class=\"wp-block-heading\">The zig-zag drawbridge.<\/h2>\n\n\n\n<p class=\"has-text-align-justify\">In 1860, the Sisteron Citadel had three Zig-Zag drawbridges. One to the north to improve the defence of the access to the great entrenchment, two to the south, built according to Captain No\u00ebl's project, to replace the awkward access from the arrow drawbridges and the steep and tortuous ramps which were inconvenient for transporting the cannons. The zig-zag drawbridge is a metal structure that moves by the effect of a pendulum.<\/p>\n<\/div><\/div>\n\n\n\n<figure class=\"wp-block-gallery has-nested-images columns-default is-cropped wp-block-gallery-1 is-layout-flex wp-block-gallery-is-layout-flex\">\n<figure class=\"wp-block-image size-large is-style-editorskit-diagonal\"><img loading=\"lazy\" decoding=\"async\" width=\"676\" height=\"1024\" data-id=\"1139\" src=\"https:\/\/www.citadelledesisteron.fr\/wp-content\/uploads\/2024\/10\/2022-06-17-Inauguration-pont-ZigZag-Citadelle-Sisteron-096-676x1024.jpg\" alt=\"\" class=\"wp-image-1139\" srcset=\"https:\/\/www.citadelledesisteron.fr\/wp-content\/uploads\/2024\/10\/2022-06-17-Inauguration-pont-ZigZag-Citadelle-Sisteron-096-676x1024.jpg 676w, https:\/\/www.citadelledesisteron.fr\/wp-content\/uploads\/2024\/10\/2022-06-17-Inauguration-pont-ZigZag-Citadelle-Sisteron-096-198x300.jpg 198w, https:\/\/www.citadelledesisteron.fr\/wp-content\/uploads\/2024\/10\/2022-06-17-Inauguration-pont-ZigZag-Citadelle-Sisteron-096-768x1164.jpg 768w, https:\/\/www.citadelledesisteron.fr\/wp-content\/uploads\/2024\/10\/2022-06-17-Inauguration-pont-ZigZag-Citadelle-Sisteron-096-8x12.jpg 8w, https:\/\/www.citadelledesisteron.fr\/wp-content\/uploads\/2024\/10\/2022-06-17-Inauguration-pont-ZigZag-Citadelle-Sisteron-096.jpg 792w\" sizes=\"auto, (max-width: 676px) 100vw, 676px\" \/><\/figure>\n\n\n\n<figure class=\"wp-block-image size-large is-style-editorskit-inverted-diagonal\"><img loading=\"lazy\" decoding=\"async\" width=\"678\" height=\"1024\" data-id=\"1135\" src=\"https:\/\/www.citadelledesisteron.fr\/wp-content\/uploads\/2024\/10\/2022-06-17-Inauguration-pont-ZigZag-Citadelle-Sisteron-038-678x1024.jpg\" alt=\"\" class=\"wp-image-1135\" srcset=\"https:\/\/www.citadelledesisteron.fr\/wp-content\/uploads\/2024\/10\/2022-06-17-Inauguration-pont-ZigZag-Citadelle-Sisteron-038-678x1024.jpg 678w, https:\/\/www.citadelledesisteron.fr\/wp-content\/uploads\/2024\/10\/2022-06-17-Inauguration-pont-ZigZag-Citadelle-Sisteron-038-199x300.jpg 199w, https:\/\/www.citadelledesisteron.fr\/wp-content\/uploads\/2024\/10\/2022-06-17-Inauguration-pont-ZigZag-Citadelle-Sisteron-038-768x1159.jpg 768w, https:\/\/www.citadelledesisteron.fr\/wp-content\/uploads\/2024\/10\/2022-06-17-Inauguration-pont-ZigZag-Citadelle-Sisteron-038-8x12.jpg 8w, https:\/\/www.citadelledesisteron.fr\/wp-content\/uploads\/2024\/10\/2022-06-17-Inauguration-pont-ZigZag-Citadelle-Sisteron-038.jpg 795w\" sizes=\"auto, (max-width: 678px) 100vw, 678px\" \/><\/figure>\n\n\n\n<figure class=\"wp-block-image size-large is-style-editorskit-diagonal\"><img loading=\"lazy\" decoding=\"async\" width=\"678\" height=\"1024\" data-id=\"1138\" src=\"https:\/\/www.citadelledesisteron.fr\/wp-content\/uploads\/2024\/10\/2022-06-17-Inauguration-pont-ZigZag-Citadelle-Sisteron-091-1-678x1024.jpg\" alt=\"\" class=\"wp-image-1138\" srcset=\"https:\/\/www.citadelledesisteron.fr\/wp-content\/uploads\/2024\/10\/2022-06-17-Inauguration-pont-ZigZag-Citadelle-Sisteron-091-1-678x1024.jpg 678w, https:\/\/www.citadelledesisteron.fr\/wp-content\/uploads\/2024\/10\/2022-06-17-Inauguration-pont-ZigZag-Citadelle-Sisteron-091-1-199x300.jpg 199w, https:\/\/www.citadelledesisteron.fr\/wp-content\/uploads\/2024\/10\/2022-06-17-Inauguration-pont-ZigZag-Citadelle-Sisteron-091-1-768x1159.jpg 768w, https:\/\/www.citadelledesisteron.fr\/wp-content\/uploads\/2024\/10\/2022-06-17-Inauguration-pont-ZigZag-Citadelle-Sisteron-091-1-8x12.jpg 8w, https:\/\/www.citadelledesisteron.fr\/wp-content\/uploads\/2024\/10\/2022-06-17-Inauguration-pont-ZigZag-Citadelle-Sisteron-091-1.jpg 795w\" sizes=\"auto, (max-width: 678px) 100vw, 678px\" \/><\/figure>\n<\/figure>\n\n\n\n<h2 class=\"wp-block-heading\">The mechanism as a work of art<\/h2>\n\n\n\n<p class=\"has-text-align-justify\">The ironworkers employed two traditional assembly techniques. Hot riveting, used for the Eiffel Tower, was used for the assembly of the beams by Jean-Michel Gr\u00e8s and the initially cylindrical operating arms were worked by fire hammering by Claude Duteil. <br>This restoration of the Zig-Zag drawbridge is partly restitutive, for the general mechanical principle, but also creative, innovative, for the aesthetics of the metal parts.<\/p>\n\n\n\n<h2 class=\"wp-block-heading has-text-align-center\">Hot riveting<\/h2>\n\n\n\n<figure class=\"wp-block-embed is-type-video is-provider-youtube wp-block-embed-youtube wp-embed-aspect-16-9 wp-has-aspect-ratio\"><div class=\"wp-block-embed__wrapper\">\n<iframe loading=\"lazy\" title=\"Hot riveting\" width=\"640\" height=\"360\" src=\"https:\/\/www.youtube.com\/embed\/XtdxLD7jOyQ?feature=oembed\" frameborder=\"0\" allow=\"accelerometer; autoplay; clipboard-write; encrypted-media; gyroscope; picture-in-picture; web-share\" referrerpolicy=\"strict-origin-when-cross-origin\" allowfullscreen><\/iframe>\n<\/div><\/figure>\n\n\n\n<h2 class=\"wp-block-heading has-text-align-center\">Hammering with fire<\/h2>\n\n\n\n<figure class=\"wp-block-embed is-type-video is-provider-youtube wp-block-embed-youtube wp-embed-aspect-16-9 wp-has-aspect-ratio\"><div class=\"wp-block-embed__wrapper\">\n<iframe loading=\"lazy\" title=\"Le martelage au feu - Pont-levis Zig-zag\" width=\"640\" height=\"360\" src=\"https:\/\/www.youtube.com\/embed\/2OMYpaYfM3I?feature=oembed\" frameborder=\"0\" allow=\"accelerometer; autoplay; clipboard-write; encrypted-media; gyroscope; picture-in-picture; web-share\" referrerpolicy=\"strict-origin-when-cross-origin\" allowfullscreen><\/iframe>\n<\/div><\/figure>\n\n\n\n<h2 class=\"wp-block-heading\">Animation: the operation of the drawbridge.<\/h2>\n\n\n\n<figure class=\"wp-block-video\"><video controls src=\"https:\/\/www.citadelledesisteron.fr\/animation\/PONT_LEVIS_FR_v3.mp4\"><\/video><\/figure>\n\n\n\n<p><\/p>","protected":false},"excerpt":{"rendered":"<p>After several years of research on the mechanism of the drawbridge of the gate n\u00b0 26, the ATM association began the work of reconstitution, unique in France, of the mechanism of this drawbridge known as \"in Zig-zag\".<\/p>","protected":false},"author":1,"featured_media":1211,"parent":0,"menu_order":0,"comment_status":"closed","ping_status":"closed","template":"template-petit-container.php","meta":{"_editorskit_title_hidden":false,"_editorskit_reading_time":0,"_editorskit_is_block_options_detached":false,"_editorskit_block_options_position":"{}","om_disable_all_campaigns":false,"_monsterinsights_skip_tracking":false,"_monsterinsights_sitenote_active":false,"_monsterinsights_sitenote_note":"","_monsterinsights_sitenote_category":0,"footnotes":""},"class_list":["post-140","page","type-page","status-publish","has-post-thumbnail","hentry"],"yoast_head":"<!-- This site is optimized with the Yoast SEO plugin v27.5 - https:\/\/yoast.com\/product\/yoast-seo-wordpress\/ -->\n<title>Pont-levis - Citadelle de Sisteron<\/title>\n<meta name=\"robots\" content=\"index, follow, max-snippet:-1, max-image-preview:large, max-video-preview:-1\" \/>\n<link rel=\"canonical\" href=\"https:\/\/www.citadelledesisteron.fr\/en\/reconstitution-pont-levis-zig-zag\/\" \/>\n<meta property=\"og:locale\" content=\"en_GB\" \/>\n<meta property=\"og:type\" content=\"article\" \/>\n<meta property=\"og:title\" content=\"Pont-levis - Citadelle de Sisteron\" \/>\n<meta property=\"og:description\" content=\"Apr\u00e8s plusieurs ann\u00e9es de recherche sur le m\u00e9canisme du pont-levis de la porte n\u00b0 26, l\u2019association ATM a entam\u00e9 les travaux de reconstitution, unique en France, du m\u00e9canisme de ce pont-levis dit \u00ab en Zig-zag \u00bb.\" \/>\n<meta property=\"og:url\" content=\"https:\/\/www.citadelledesisteron.fr\/en\/reconstitution-pont-levis-zig-zag\/\" \/>\n<meta property=\"og:site_name\" content=\"Citadelle de Sisteron\" \/>\n<meta property=\"article:publisher\" content=\"https:\/\/www.facebook.com\/citadelledesisteron\/\" \/>\n<meta property=\"article:modified_time\" content=\"2024-10-08T10:23:28+00:00\" \/>\n<meta property=\"og:image\" content=\"https:\/\/www.citadelledesisteron.fr\/wp-content\/uploads\/2024\/10\/Pont-Levis-ZZ-recadre-Banniere-VD.jpg\" \/>\n\t<meta property=\"og:image:width\" content=\"1750\" \/>\n\t<meta property=\"og:image:height\" content=\"632\" \/>\n\t<meta property=\"og:image:type\" content=\"image\/jpeg\" \/>\n<meta name=\"twitter:card\" content=\"summary_large_image\" \/>\n<meta name=\"twitter:label1\" content=\"Estimated reading time\" \/>\n\t<meta name=\"twitter:data1\" content=\"3 minutes\" \/>\n<script type=\"application\/ld+json\" class=\"yoast-schema-graph\">{\"@context\":\"https:\\\/\\\/schema.org\",\"@graph\":[{\"@type\":\"WebPage\",\"@id\":\"https:\\\/\\\/www.citadelledesisteron.fr\\\/reconstitution-pont-levis-zig-zag\\\/\",\"url\":\"https:\\\/\\\/www.citadelledesisteron.fr\\\/reconstitution-pont-levis-zig-zag\\\/\",\"name\":\"Pont-levis - Citadelle de Sisteron\",\"isPartOf\":{\"@id\":\"https:\\\/\\\/www.citadelledesisteron.fr\\\/#website\"},\"primaryImageOfPage\":{\"@id\":\"https:\\\/\\\/www.citadelledesisteron.fr\\\/reconstitution-pont-levis-zig-zag\\\/#primaryimage\"},\"image\":{\"@id\":\"https:\\\/\\\/www.citadelledesisteron.fr\\\/reconstitution-pont-levis-zig-zag\\\/#primaryimage\"},\"thumbnailUrl\":\"https:\\\/\\\/www.citadelledesisteron.fr\\\/wp-content\\\/uploads\\\/2024\\\/10\\\/Pont-Levis-ZZ-recadre-Banniere-VD.jpg\",\"datePublished\":\"2022-07-06T12:17:31+00:00\",\"dateModified\":\"2024-10-08T10:23:28+00:00\",\"breadcrumb\":{\"@id\":\"https:\\\/\\\/www.citadelledesisteron.fr\\\/reconstitution-pont-levis-zig-zag\\\/#breadcrumb\"},\"inLanguage\":\"en-GB\",\"potentialAction\":[{\"@type\":\"ReadAction\",\"target\":[\"https:\\\/\\\/www.citadelledesisteron.fr\\\/reconstitution-pont-levis-zig-zag\\\/\"]}]},{\"@type\":\"ImageObject\",\"inLanguage\":\"en-GB\",\"@id\":\"https:\\\/\\\/www.citadelledesisteron.fr\\\/reconstitution-pont-levis-zig-zag\\\/#primaryimage\",\"url\":\"https:\\\/\\\/www.citadelledesisteron.fr\\\/wp-content\\\/uploads\\\/2024\\\/10\\\/Pont-Levis-ZZ-recadre-Banniere-VD.jpg\",\"contentUrl\":\"https:\\\/\\\/www.citadelledesisteron.fr\\\/wp-content\\\/uploads\\\/2024\\\/10\\\/Pont-Levis-ZZ-recadre-Banniere-VD.jpg\",\"width\":1750,\"height\":632},{\"@type\":\"BreadcrumbList\",\"@id\":\"https:\\\/\\\/www.citadelledesisteron.fr\\\/reconstitution-pont-levis-zig-zag\\\/#breadcrumb\",\"itemListElement\":[{\"@type\":\"ListItem\",\"position\":1,\"name\":\"Accueil\",\"item\":\"https:\\\/\\\/www.citadelledesisteron.fr\\\/\"},{\"@type\":\"ListItem\",\"position\":2,\"name\":\"Pont-levis\"}]},{\"@type\":\"WebSite\",\"@id\":\"https:\\\/\\\/www.citadelledesisteron.fr\\\/#website\",\"url\":\"https:\\\/\\\/www.citadelledesisteron.fr\\\/\",\"name\":\"Citadelle de Sisteron\",\"description\":\"Un site utilisant WordPress\",\"publisher\":{\"@id\":\"https:\\\/\\\/www.citadelledesisteron.fr\\\/#organization\"},\"potentialAction\":[{\"@type\":\"SearchAction\",\"target\":{\"@type\":\"EntryPoint\",\"urlTemplate\":\"https:\\\/\\\/www.citadelledesisteron.fr\\\/?s={search_term_string}\"},\"query-input\":{\"@type\":\"PropertyValueSpecification\",\"valueRequired\":true,\"valueName\":\"search_term_string\"}}],\"inLanguage\":\"en-GB\"},{\"@type\":\"Organization\",\"@id\":\"https:\\\/\\\/www.citadelledesisteron.fr\\\/#organization\",\"name\":\"Citadelle de Sisteron\",\"url\":\"https:\\\/\\\/www.citadelledesisteron.fr\\\/\",\"logo\":{\"@type\":\"ImageObject\",\"inLanguage\":\"en-GB\",\"@id\":\"https:\\\/\\\/www.citadelledesisteron.fr\\\/#\\\/schema\\\/logo\\\/image\\\/\",\"url\":\"https:\\\/\\\/www.citadelledesisteron.fr\\\/wp-content\\\/uploads\\\/2022\\\/06\\\/cropped-citadelleSisteron.png\",\"contentUrl\":\"https:\\\/\\\/www.citadelledesisteron.fr\\\/wp-content\\\/uploads\\\/2022\\\/06\\\/cropped-citadelleSisteron.png\",\"width\":835,\"height\":231,\"caption\":\"Citadelle de Sisteron\"},\"image\":{\"@id\":\"https:\\\/\\\/www.citadelledesisteron.fr\\\/#\\\/schema\\\/logo\\\/image\\\/\"},\"sameAs\":[\"https:\\\/\\\/www.facebook.com\\\/citadelledesisteron\\\/\",\"https:\\\/\\\/www.youtube.com\\\/channel\\\/UC3a5Quz-UGKoYbE23Y_NTyg\",\"https:\\\/\\\/www.instagram.com\\\/citadelledesisteron\\\/?hl=fr\"]}]}<\/script>\n<!-- \/ Yoast SEO plugin. -->","yoast_head_json":{"title":"Pont-levis - Citadelle de Sisteron","robots":{"index":"index","follow":"follow","max-snippet":"max-snippet:-1","max-image-preview":"max-image-preview:large","max-video-preview":"max-video-preview:-1"},"canonical":"https:\/\/www.citadelledesisteron.fr\/en\/reconstitution-pont-levis-zig-zag\/","og_locale":"en_GB","og_type":"article","og_title":"Pont-levis - Citadelle de Sisteron","og_description":"Apr\u00e8s plusieurs ann\u00e9es de recherche sur le m\u00e9canisme du pont-levis de la porte n\u00b0 26, l\u2019association ATM a entam\u00e9 les travaux de reconstitution, unique en France, du m\u00e9canisme de ce pont-levis dit \u00ab en Zig-zag \u00bb.","og_url":"https:\/\/www.citadelledesisteron.fr\/en\/reconstitution-pont-levis-zig-zag\/","og_site_name":"Citadelle de Sisteron","article_publisher":"https:\/\/www.facebook.com\/citadelledesisteron\/","article_modified_time":"2024-10-08T10:23:28+00:00","og_image":[{"width":1750,"height":632,"url":"https:\/\/www.citadelledesisteron.fr\/wp-content\/uploads\/2024\/10\/Pont-Levis-ZZ-recadre-Banniere-VD.jpg","type":"image\/jpeg"}],"twitter_card":"summary_large_image","twitter_misc":{"Estimated reading time":"3 minutes"},"schema":{"@context":"https:\/\/schema.org","@graph":[{"@type":"WebPage","@id":"https:\/\/www.citadelledesisteron.fr\/reconstitution-pont-levis-zig-zag\/","url":"https:\/\/www.citadelledesisteron.fr\/reconstitution-pont-levis-zig-zag\/","name":"Pont-levis - Citadelle de Sisteron","isPartOf":{"@id":"https:\/\/www.citadelledesisteron.fr\/#website"},"primaryImageOfPage":{"@id":"https:\/\/www.citadelledesisteron.fr\/reconstitution-pont-levis-zig-zag\/#primaryimage"},"image":{"@id":"https:\/\/www.citadelledesisteron.fr\/reconstitution-pont-levis-zig-zag\/#primaryimage"},"thumbnailUrl":"https:\/\/www.citadelledesisteron.fr\/wp-content\/uploads\/2024\/10\/Pont-Levis-ZZ-recadre-Banniere-VD.jpg","datePublished":"2022-07-06T12:17:31+00:00","dateModified":"2024-10-08T10:23:28+00:00","breadcrumb":{"@id":"https:\/\/www.citadelledesisteron.fr\/reconstitution-pont-levis-zig-zag\/#breadcrumb"},"inLanguage":"en-GB","potentialAction":[{"@type":"ReadAction","target":["https:\/\/www.citadelledesisteron.fr\/reconstitution-pont-levis-zig-zag\/"]}]},{"@type":"ImageObject","inLanguage":"en-GB","@id":"https:\/\/www.citadelledesisteron.fr\/reconstitution-pont-levis-zig-zag\/#primaryimage","url":"https:\/\/www.citadelledesisteron.fr\/wp-content\/uploads\/2024\/10\/Pont-Levis-ZZ-recadre-Banniere-VD.jpg","contentUrl":"https:\/\/www.citadelledesisteron.fr\/wp-content\/uploads\/2024\/10\/Pont-Levis-ZZ-recadre-Banniere-VD.jpg","width":1750,"height":632},{"@type":"BreadcrumbList","@id":"https:\/\/www.citadelledesisteron.fr\/reconstitution-pont-levis-zig-zag\/#breadcrumb","itemListElement":[{"@type":"ListItem","position":1,"name":"Accueil","item":"https:\/\/www.citadelledesisteron.fr\/"},{"@type":"ListItem","position":2,"name":"Pont-levis"}]},{"@type":"WebSite","@id":"https:\/\/www.citadelledesisteron.fr\/#website","url":"https:\/\/www.citadelledesisteron.fr\/","name":"Citadelle de Sisteron","description":"Un site utilisant WordPress","publisher":{"@id":"https:\/\/www.citadelledesisteron.fr\/#organization"},"potentialAction":[{"@type":"SearchAction","target":{"@type":"EntryPoint","urlTemplate":"https:\/\/www.citadelledesisteron.fr\/?s={search_term_string}"},"query-input":{"@type":"PropertyValueSpecification","valueRequired":true,"valueName":"search_term_string"}}],"inLanguage":"en-GB"},{"@type":"Organization","@id":"https:\/\/www.citadelledesisteron.fr\/#organization","name":"Citadelle de Sisteron","url":"https:\/\/www.citadelledesisteron.fr\/","logo":{"@type":"ImageObject","inLanguage":"en-GB","@id":"https:\/\/www.citadelledesisteron.fr\/#\/schema\/logo\/image\/","url":"https:\/\/www.citadelledesisteron.fr\/wp-content\/uploads\/2022\/06\/cropped-citadelleSisteron.png","contentUrl":"https:\/\/www.citadelledesisteron.fr\/wp-content\/uploads\/2022\/06\/cropped-citadelleSisteron.png","width":835,"height":231,"caption":"Citadelle de Sisteron"},"image":{"@id":"https:\/\/www.citadelledesisteron.fr\/#\/schema\/logo\/image\/"},"sameAs":["https:\/\/www.facebook.com\/citadelledesisteron\/","https:\/\/www.youtube.com\/channel\/UC3a5Quz-UGKoYbE23Y_NTyg","https:\/\/www.instagram.com\/citadelledesisteron\/?hl=fr"]}]}},"_links":{"self":[{"href":"https:\/\/www.citadelledesisteron.fr\/en\/wp-json\/wp\/v2\/pages\/140","targetHints":{"allow":["GET"]}}],"collection":[{"href":"https:\/\/www.citadelledesisteron.fr\/en\/wp-json\/wp\/v2\/pages"}],"about":[{"href":"https:\/\/www.citadelledesisteron.fr\/en\/wp-json\/wp\/v2\/types\/page"}],"author":[{"embeddable":true,"href":"https:\/\/www.citadelledesisteron.fr\/en\/wp-json\/wp\/v2\/users\/1"}],"replies":[{"embeddable":true,"href":"https:\/\/www.citadelledesisteron.fr\/en\/wp-json\/wp\/v2\/comments?post=140"}],"version-history":[{"count":36,"href":"https:\/\/www.citadelledesisteron.fr\/en\/wp-json\/wp\/v2\/pages\/140\/revisions"}],"predecessor-version":[{"id":1214,"href":"https:\/\/www.citadelledesisteron.fr\/en\/wp-json\/wp\/v2\/pages\/140\/revisions\/1214"}],"wp:featuredmedia":[{"embeddable":true,"href":"https:\/\/www.citadelledesisteron.fr\/en\/wp-json\/wp\/v2\/media\/1211"}],"wp:attachment":[{"href":"https:\/\/www.citadelledesisteron.fr\/en\/wp-json\/wp\/v2\/media?parent=140"}],"curies":[{"name":"wp","href":"https:\/\/api.w.org\/{rel}","templated":true}]}}