{"id":321,"date":"2022-10-10T17:04:11","date_gmt":"2022-10-10T15:04:11","guid":{"rendered":"https:\/\/www.citadelledesisteron.fr\/?page_id=321"},"modified":"2022-10-10T17:04:12","modified_gmt":"2022-10-10T15:04:12","slug":"mentions-legales","status":"publish","type":"page","link":"https:\/\/www.citadelledesisteron.fr\/en\/mentions-legales\/","title":{"rendered":"Legal information"},"content":{"rendered":"<p id=\"block-5045c168-c4a9-4e73-8a70-904f1469ddbf\">Le site www.citadelledesisteron.fr est \u00e9dit\u00e9 par :<\/p>\n\n\n\n<p id=\"block-04ce819a-2b69-4633-975b-13609304609c\">A.T.M.<\/p>\n\n\n\n<h2 class=\"wp-block-heading\" id=\"block-bd91bf09-bd26-450e-8195-c774753e6652\"><strong>H\u00e9bergement<\/strong><\/h2>\n\n\n\n<p id=\"block-f2f62554-18fe-447d-a5b2-3ce68b6be845\">L\u2019h\u00e9bergement du site est assur\u00e9 par OVH.<\/p>\n\n\n\n<h2 class=\"wp-block-heading\" id=\"block-88afdc6e-74be-4dfe-a7cd-375cd4e70668\"><strong>R\u00e9alisation<\/strong><\/h2>\n\n\n\n<p id=\"block-32d9788f-75c3-4c71-850f-eaad23e41f6f\">Design et d\u00e9veloppement Web r\u00e9alis\u00e9s par Le Naturographe.<\/p>\n\n\n\n<h2 class=\"wp-block-heading\" id=\"block-c2049102-2c87-44b5-bfe5-d5cf21ba430e\"><strong>Liens hypertextes<\/strong><\/h2>\n\n\n\n<p id=\"block-b93de772-6432-4c3c-95fe-744308c9d3a1\">Le site www.citadelledesisteron.fr autorise la mise en place d\u2019un lien hypertexte pointant vers son contenu, sous r\u00e9serve de :<\/p>\n\n\n\n<p id=\"block-c69c3654-9f55-47a5-974b-6e180aaeef71\">\u2013 ne pas utiliser la technique du lien profond (\u00ab deep linking \u00bb), c\u2019est-\u00e0-dire que les pages du site www.citadelledesisteron.fr ne doivent pas \u00eatre imbriqu\u00e9es \u00e0 l\u2019int\u00e9rieur des pages d\u2019un autre site (usage des frames, par exemple), mais accessibles par l\u2019ouverture d\u2019une fen\u00eatre.<\/p>\n\n\n\n<p id=\"block-4b77b07a-f9e3-4e75-8f7d-61032f27c83c\">\u2013 mentionner dans un lien texte le contenu vis\u00e9<\/p>\n\n\n\n<p id=\"block-b033d06e-caa3-48b3-aae4-f600c23b242b\">Cette autorisation ne s\u2019applique pas aux sites internet diffusant des informations \u00e0 caract\u00e8res pornographiques, pol\u00e9miques, homophobes, x\u00e9nophobes ou pouvant, dans une plus large mesure porter atteinte \u00e0 la sensibilit\u00e9 du plus grand nombre.<\/p>\n\n\n\n<h2 class=\"wp-block-heading\" id=\"block-d05fb452-04d1-4aab-ab40-b1eebb3236e9\"><strong>Reproduction du contenu du site :<\/strong><\/h2>\n\n\n\n<p id=\"block-7842d604-d551-4029-95aa-d1deba68811f\">Toute reproduction ou repr\u00e9sentation totale ou partielle de ce site par quelque proc\u00e9d\u00e9 que ce soit, sans l\u2019autorisation d\u2019A.T.M., est interdite et constituerait une contrefa\u00e7on sanctionn\u00e9e par les articles L.335-2 et suivants du Code de la propri\u00e9t\u00e9 intellectuelle.<\/p>\n\n\n\n<h2 class=\"wp-block-heading\" id=\"block-f575dca4-c409-41cb-acd3-2ca39cc07f19\"><strong>Usage du site Web<\/strong><\/h2>\n\n\n\n<p id=\"block-cf344261-deea-4d91-8f71-9976c7c0341c\">En aucun cas,&nbsp;A.T.M. ne pourra \u00eatre tenu responsable de quelconque dommage, direct ou indirect, qui puisse r\u00e9sulter de l\u2019acc\u00e8s \u00e0 ce site web, ou de son utilisation, ou de l\u2019acc\u00e8s via ce site \u00e0 d\u2019autres sites et leur utilisation, dommage incluant notamment, mais sans limitation, tout pr\u00e9judice financier ou commercial, perte d\u2019exploitation, perte de programmes ou de donn\u00e9es dans votre syst\u00e8me d\u2019information, m\u00eame si&nbsp;A.T.M. a \u00e9t\u00e9 avis\u00e9 de la possibilit\u00e9 de survenance de tel dommage. Toute information est r\u00e9put\u00e9e \u00eatre fournie par&nbsp;A.T.M. \u00ab en l\u2019\u00e9tat \u00bb.<\/p>\n\n\n\n<p id=\"block-d6b7d8a0-e433-4c0c-a2e6-0114bb4808b9\">A.T.M. peut \u00e0 tout moment revoir ces dispositions en mettant \u00e0 jour cette page.<\/p>\n\n\n\n<p id=\"block-fe790bb4-296f-4a37-8bb5-f0de7b387190\">En utilisant ce site web, vous acceptez d\u2019\u00eatre li\u00e9 par toute r\u00e9vision de ces dispositions.<\/p>\n\n\n\n<h2 class=\"wp-block-heading\" id=\"block-f159f5f2-47fa-4aed-9a68-d376e443bb76\"><strong>LES COOKIES DE STATISTIQUES GOOGLE ANALYTICS<\/strong><\/h2>\n\n\n\n<p id=\"block-05704ec9-766d-487b-b658-6b59f5d0d754\">Afin d\u2019analyser les visites de notre site internet nous utilisons Google Analytics, un service d\u2019analyse de site internet fourni par Google Inc. Google Analytics utilise des cookies, qui sont des fichiers texte plac\u00e9s sur votre ordinateur, pour aider le site internet \u00e0 analyser l\u2019utilisation du site par ses utilisateurs. Les donn\u00e9es g\u00e9n\u00e9r\u00e9es par les cookies concernant votre utilisation du site (y compris votre adresse IP) seront transmises et stock\u00e9es par Google sur des serveurs situ\u00e9s aux Etats-Unis. Google utilisera cette information dans le but d\u2019\u00e9valuer votre utilisation du site, de compiler des rapports sur l\u2019activit\u00e9 du site \u00e0 destination de son \u00e9diteur et de fournir d\u2019autres services relatifs \u00e0 l\u2019activit\u00e9 du site et \u00e0 l\u2019utilisation d\u2019Internet. Google est susceptible de communiquer ces donn\u00e9es \u00e0 des tiers en cas d\u2019obligation l\u00e9gale ou lorsque ces tiers traitent ces donn\u00e9es pour le compte de Google, y compris notamment l\u2019\u00e9diteur de ce site.<\/p>\n\n\n\n<p id=\"block-fe6af1f1-5870-4fca-88dc-93777d4ae5bb\">Google ne recoupera pas votre adresse IP avec toute autre donn\u00e9e d\u00e9tenue par Google. Vous pouvez d\u00e9sactiver l\u2019utilisation de cookies en s\u00e9lectionnant les param\u00e8tres appropri\u00e9s de votre navigateur. Cependant, une telle d\u00e9sactivation pourrait emp\u00eacher l\u2019utilisation de certaines fonctionnalit\u00e9s de ce site.<\/p>\n\n\n\n<p id=\"block-7575c5cc-195a-4178-9967-6280db34d3f7\">En utilisant ce site internet, vous consentez express\u00e9ment au traitement de vos donn\u00e9es nominatives par Google dans les conditions et pour les finalit\u00e9s d\u00e9crites ci-dessus.<\/p>","protected":false},"excerpt":{"rendered":"<p>Le site www.citadelledesisteron.fr est \u00e9dit\u00e9 par : A.T.M. H\u00e9bergement L\u2019h\u00e9bergement du site est assur\u00e9 par OVH. R\u00e9alisation Design et d\u00e9veloppement Web r\u00e9alis\u00e9s par Le Naturographe. Liens hypertextes Le site www.citadelledesisteron.fr autorise la mise en place d\u2019un lien hypertexte pointant vers son contenu, sous r\u00e9serve de : \u2013 ne pas utiliser la technique du lien profond [&hellip;]<\/p>\n","protected":false},"author":1,"featured_media":0,"parent":0,"menu_order":0,"comment_status":"closed","ping_status":"closed","template":"","meta":{"_editorskit_title_hidden":false,"_editorskit_reading_time":0,"_editorskit_is_block_options_detached":false,"_editorskit_block_options_position":"{}","om_disable_all_campaigns":false,"_monsterinsights_skip_tracking":false,"_monsterinsights_sitenote_active":false,"_monsterinsights_sitenote_note":"","_monsterinsights_sitenote_category":0,"footnotes":""},"class_list":["post-321","page","type-page","status-publish","hentry"],"yoast_head":"<!-- This site is optimized with the Yoast SEO plugin v27.5 - https:\/\/yoast.com\/product\/yoast-seo-wordpress\/ -->\n<title>Mentions l\u00e9gales - Citadelle de Sisteron<\/title>\n<meta name=\"robots\" content=\"index, follow, max-snippet:-1, max-image-preview:large, max-video-preview:-1\" \/>\n<link rel=\"canonical\" href=\"https:\/\/www.citadelledesisteron.fr\/en\/mentions-legales\/\" \/>\n<meta property=\"og:locale\" content=\"en_GB\" \/>\n<meta property=\"og:type\" content=\"article\" \/>\n<meta property=\"og:title\" content=\"Mentions l\u00e9gales - Citadelle de Sisteron\" \/>\n<meta property=\"og:description\" content=\"Le site www.citadelledesisteron.fr est \u00e9dit\u00e9 par : A.T.M. H\u00e9bergement L\u2019h\u00e9bergement du site est assur\u00e9 par OVH. R\u00e9alisation Design et d\u00e9veloppement Web r\u00e9alis\u00e9s par Le Naturographe. Liens hypertextes Le site www.citadelledesisteron.fr autorise la mise en place d\u2019un lien hypertexte pointant vers son contenu, sous r\u00e9serve de : \u2013 ne pas utiliser la technique du lien profond [&hellip;]\" \/>\n<meta property=\"og:url\" content=\"https:\/\/www.citadelledesisteron.fr\/en\/mentions-legales\/\" \/>\n<meta property=\"og:site_name\" content=\"Citadelle de Sisteron\" \/>\n<meta property=\"article:publisher\" content=\"https:\/\/www.facebook.com\/citadelledesisteron\/\" \/>\n<meta property=\"article:modified_time\" content=\"2022-10-10T15:04:12+00:00\" \/>\n<meta name=\"twitter:card\" content=\"summary_large_image\" \/>\n<meta name=\"twitter:label1\" content=\"Estimated reading time\" \/>\n\t<meta name=\"twitter:data1\" content=\"3 minutes\" \/>\n<script type=\"application\/ld+json\" class=\"yoast-schema-graph\">{\"@context\":\"https:\\\/\\\/schema.org\",\"@graph\":[{\"@type\":\"WebPage\",\"@id\":\"https:\\\/\\\/www.citadelledesisteron.fr\\\/mentions-legales\\\/\",\"url\":\"https:\\\/\\\/www.citadelledesisteron.fr\\\/mentions-legales\\\/\",\"name\":\"Mentions l\u00e9gales - Citadelle de Sisteron\",\"isPartOf\":{\"@id\":\"https:\\\/\\\/www.citadelledesisteron.fr\\\/#website\"},\"datePublished\":\"2022-10-10T15:04:11+00:00\",\"dateModified\":\"2022-10-10T15:04:12+00:00\",\"breadcrumb\":{\"@id\":\"https:\\\/\\\/www.citadelledesisteron.fr\\\/mentions-legales\\\/#breadcrumb\"},\"inLanguage\":\"en-GB\",\"potentialAction\":[{\"@type\":\"ReadAction\",\"target\":[\"https:\\\/\\\/www.citadelledesisteron.fr\\\/mentions-legales\\\/\"]}]},{\"@type\":\"BreadcrumbList\",\"@id\":\"https:\\\/\\\/www.citadelledesisteron.fr\\\/mentions-legales\\\/#breadcrumb\",\"itemListElement\":[{\"@type\":\"ListItem\",\"position\":1,\"name\":\"Accueil\",\"item\":\"https:\\\/\\\/www.citadelledesisteron.fr\\\/\"},{\"@type\":\"ListItem\",\"position\":2,\"name\":\"Mentions l\u00e9gales\"}]},{\"@type\":\"WebSite\",\"@id\":\"https:\\\/\\\/www.citadelledesisteron.fr\\\/#website\",\"url\":\"https:\\\/\\\/www.citadelledesisteron.fr\\\/\",\"name\":\"Citadelle de Sisteron\",\"description\":\"Un site utilisant WordPress\",\"publisher\":{\"@id\":\"https:\\\/\\\/www.citadelledesisteron.fr\\\/#organization\"},\"potentialAction\":[{\"@type\":\"SearchAction\",\"target\":{\"@type\":\"EntryPoint\",\"urlTemplate\":\"https:\\\/\\\/www.citadelledesisteron.fr\\\/?s={search_term_string}\"},\"query-input\":{\"@type\":\"PropertyValueSpecification\",\"valueRequired\":true,\"valueName\":\"search_term_string\"}}],\"inLanguage\":\"en-GB\"},{\"@type\":\"Organization\",\"@id\":\"https:\\\/\\\/www.citadelledesisteron.fr\\\/#organization\",\"name\":\"Citadelle de Sisteron\",\"url\":\"https:\\\/\\\/www.citadelledesisteron.fr\\\/\",\"logo\":{\"@type\":\"ImageObject\",\"inLanguage\":\"en-GB\",\"@id\":\"https:\\\/\\\/www.citadelledesisteron.fr\\\/#\\\/schema\\\/logo\\\/image\\\/\",\"url\":\"https:\\\/\\\/www.citadelledesisteron.fr\\\/wp-content\\\/uploads\\\/2022\\\/06\\\/cropped-citadelleSisteron.png\",\"contentUrl\":\"https:\\\/\\\/www.citadelledesisteron.fr\\\/wp-content\\\/uploads\\\/2022\\\/06\\\/cropped-citadelleSisteron.png\",\"width\":835,\"height\":231,\"caption\":\"Citadelle de Sisteron\"},\"image\":{\"@id\":\"https:\\\/\\\/www.citadelledesisteron.fr\\\/#\\\/schema\\\/logo\\\/image\\\/\"},\"sameAs\":[\"https:\\\/\\\/www.facebook.com\\\/citadelledesisteron\\\/\",\"https:\\\/\\\/www.youtube.com\\\/channel\\\/UC3a5Quz-UGKoYbE23Y_NTyg\",\"https:\\\/\\\/www.instagram.com\\\/citadelledesisteron\\\/?hl=fr\"]}]}<\/script>\n<!-- \/ Yoast SEO plugin. -->","yoast_head_json":{"title":"Mentions l\u00e9gales - Citadelle de Sisteron","robots":{"index":"index","follow":"follow","max-snippet":"max-snippet:-1","max-image-preview":"max-image-preview:large","max-video-preview":"max-video-preview:-1"},"canonical":"https:\/\/www.citadelledesisteron.fr\/en\/mentions-legales\/","og_locale":"en_GB","og_type":"article","og_title":"Mentions l\u00e9gales - Citadelle de Sisteron","og_description":"Le site www.citadelledesisteron.fr est \u00e9dit\u00e9 par : A.T.M. H\u00e9bergement L\u2019h\u00e9bergement du site est assur\u00e9 par OVH. R\u00e9alisation Design et d\u00e9veloppement Web r\u00e9alis\u00e9s par Le Naturographe. Liens hypertextes Le site www.citadelledesisteron.fr autorise la mise en place d\u2019un lien hypertexte pointant vers son contenu, sous r\u00e9serve de : \u2013 ne pas utiliser la technique du lien profond [&hellip;]","og_url":"https:\/\/www.citadelledesisteron.fr\/en\/mentions-legales\/","og_site_name":"Citadelle de Sisteron","article_publisher":"https:\/\/www.facebook.com\/citadelledesisteron\/","article_modified_time":"2022-10-10T15:04:12+00:00","twitter_card":"summary_large_image","twitter_misc":{"Estimated reading time":"3 minutes"},"schema":{"@context":"https:\/\/schema.org","@graph":[{"@type":"WebPage","@id":"https:\/\/www.citadelledesisteron.fr\/mentions-legales\/","url":"https:\/\/www.citadelledesisteron.fr\/mentions-legales\/","name":"Mentions l\u00e9gales - Citadelle de Sisteron","isPartOf":{"@id":"https:\/\/www.citadelledesisteron.fr\/#website"},"datePublished":"2022-10-10T15:04:11+00:00","dateModified":"2022-10-10T15:04:12+00:00","breadcrumb":{"@id":"https:\/\/www.citadelledesisteron.fr\/mentions-legales\/#breadcrumb"},"inLanguage":"en-GB","potentialAction":[{"@type":"ReadAction","target":["https:\/\/www.citadelledesisteron.fr\/mentions-legales\/"]}]},{"@type":"BreadcrumbList","@id":"https:\/\/www.citadelledesisteron.fr\/mentions-legales\/#breadcrumb","itemListElement":[{"@type":"ListItem","position":1,"name":"Accueil","item":"https:\/\/www.citadelledesisteron.fr\/"},{"@type":"ListItem","position":2,"name":"Mentions l\u00e9gales"}]},{"@type":"WebSite","@id":"https:\/\/www.citadelledesisteron.fr\/#website","url":"https:\/\/www.citadelledesisteron.fr\/","name":"Citadelle de Sisteron","description":"Un site utilisant WordPress","publisher":{"@id":"https:\/\/www.citadelledesisteron.fr\/#organization"},"potentialAction":[{"@type":"SearchAction","target":{"@type":"EntryPoint","urlTemplate":"https:\/\/www.citadelledesisteron.fr\/?s={search_term_string}"},"query-input":{"@type":"PropertyValueSpecification","valueRequired":true,"valueName":"search_term_string"}}],"inLanguage":"en-GB"},{"@type":"Organization","@id":"https:\/\/www.citadelledesisteron.fr\/#organization","name":"Citadelle de Sisteron","url":"https:\/\/www.citadelledesisteron.fr\/","logo":{"@type":"ImageObject","inLanguage":"en-GB","@id":"https:\/\/www.citadelledesisteron.fr\/#\/schema\/logo\/image\/","url":"https:\/\/www.citadelledesisteron.fr\/wp-content\/uploads\/2022\/06\/cropped-citadelleSisteron.png","contentUrl":"https:\/\/www.citadelledesisteron.fr\/wp-content\/uploads\/2022\/06\/cropped-citadelleSisteron.png","width":835,"height":231,"caption":"Citadelle de Sisteron"},"image":{"@id":"https:\/\/www.citadelledesisteron.fr\/#\/schema\/logo\/image\/"},"sameAs":["https:\/\/www.facebook.com\/citadelledesisteron\/","https:\/\/www.youtube.com\/channel\/UC3a5Quz-UGKoYbE23Y_NTyg","https:\/\/www.instagram.com\/citadelledesisteron\/?hl=fr"]}]}},"_links":{"self":[{"href":"https:\/\/www.citadelledesisteron.fr\/en\/wp-json\/wp\/v2\/pages\/321","targetHints":{"allow":["GET"]}}],"collection":[{"href":"https:\/\/www.citadelledesisteron.fr\/en\/wp-json\/wp\/v2\/pages"}],"about":[{"href":"https:\/\/www.citadelledesisteron.fr\/en\/wp-json\/wp\/v2\/types\/page"}],"author":[{"embeddable":true,"href":"https:\/\/www.citadelledesisteron.fr\/en\/wp-json\/wp\/v2\/users\/1"}],"replies":[{"embeddable":true,"href":"https:\/\/www.citadelledesisteron.fr\/en\/wp-json\/wp\/v2\/comments?post=321"}],"version-history":[{"count":1,"href":"https:\/\/www.citadelledesisteron.fr\/en\/wp-json\/wp\/v2\/pages\/321\/revisions"}],"predecessor-version":[{"id":322,"href":"https:\/\/www.citadelledesisteron.fr\/en\/wp-json\/wp\/v2\/pages\/321\/revisions\/322"}],"wp:attachment":[{"href":"https:\/\/www.citadelledesisteron.fr\/en\/wp-json\/wp\/v2\/media?parent=321"}],"curies":[{"name":"wp","href":"https:\/\/api.w.org\/{rel}","templated":true}]}}