{"id":578,"date":"2023-11-01T14:00:00","date_gmt":"2023-11-01T13:00:00","guid":{"rendered":"https:\/\/www.citadelledesisteron.fr\/?p=578"},"modified":"2024-10-14T10:28:44","modified_gmt":"2024-10-14T08:28:44","slug":"mediation-culturelle","status":"publish","type":"page","link":"https:\/\/www.citadelledesisteron.fr\/en\/mediation-culturelle\/","title":{"rendered":"\u00c9tude"},"content":{"rendered":"<p class=\"has-text-align-center\"><mark style=\"background-color:#ffffff\" class=\"has-inline-color\">Apr\u00e8s plus de deux ans de travail,&nbsp;<\/mark><strong><mark style=\"background-color:#ffffff;color:#0070aa\" class=\"has-inline-color\">l&rsquo;\u00e9tude pr\u00e9alable de positionnement et de faisabilit\u00e9 de la m\u00e9diation culturelle de la Citadelle<\/mark><\/strong><mark style=\"background-color:#ffffff\" class=\"has-inline-color\"><strong>&nbsp;<\/strong>est aujourd&rsquo;hui finalis\u00e9e !<\/mark><\/p>\n\n\n\n<p class=\"has-text-align-justify\">V\u00e9ritable pr\u00e9ambule au lancement du projet de refonte globale de la m\u00e9diation culturelle, ATM poursuit sa mission de valorisation du Monument avec d\u00e9termination.<\/p>\n\n\n\n<div class=\"wp-block-media-text is-stacked-on-mobile\" style=\"grid-template-columns:49% auto\"><figure class=\"wp-block-media-text__media\"><img loading=\"lazy\" decoding=\"async\" width=\"680\" height=\"949\" src=\"https:\/\/www.citadelledesisteron.fr\/wp-content\/uploads\/2024\/10\/Couverture-Etude-VD.jpg\" alt=\"\" class=\"wp-image-1151 size-full\" srcset=\"https:\/\/www.citadelledesisteron.fr\/wp-content\/uploads\/2024\/10\/Couverture-Etude-VD.jpg 680w, https:\/\/www.citadelledesisteron.fr\/wp-content\/uploads\/2024\/10\/Couverture-Etude-VD-215x300.jpg 215w, https:\/\/www.citadelledesisteron.fr\/wp-content\/uploads\/2024\/10\/Couverture-Etude-VD-9x12.jpg 9w\" sizes=\"auto, (max-width: 680px) 100vw, 680px\" \/><\/figure><div class=\"wp-block-media-text__content\">\n<p class=\"has-text-align-center\"><strong><mark style=\"background-color:rgba(0, 0, 0, 0);color:#0070aa\" class=\"has-inline-color\">&gt; Cette \u00e9tude<\/mark><\/strong><mark style=\"background-color: rgba(0, 0, 0, 0);\" class=\"has-inline-color\"> <\/mark>d\u2019un montant de 32&nbsp;310\u20ac a \u00e9t\u00e9 r\u00e9alis\u00e9e avec le soutien financier de l\u2019Etat et de la r\u00e9gion Sud, \u00e0 hauteur de 40% soit un montant de 12&nbsp;924\u20ac chacun, et gr\u00e2ce \u00e0 la confiance et au soutien de la Commune de Sisteron, propri\u00e9taire du monument.<\/p>\n\n\n\n<figure class=\"wp-block-image size-full\"><img loading=\"lazy\" decoding=\"async\" width=\"878\" height=\"193\" src=\"https:\/\/www.citadelledesisteron.fr\/wp-content\/uploads\/2023\/11\/image-1.png\" alt=\"\" class=\"wp-image-585\" srcset=\"https:\/\/www.citadelledesisteron.fr\/wp-content\/uploads\/2023\/11\/image-1.png 878w, https:\/\/www.citadelledesisteron.fr\/wp-content\/uploads\/2023\/11\/image-1-300x66.png 300w, https:\/\/www.citadelledesisteron.fr\/wp-content\/uploads\/2023\/11\/image-1-768x169.png 768w, https:\/\/www.citadelledesisteron.fr\/wp-content\/uploads\/2023\/11\/image-1-18x4.png 18w\" sizes=\"auto, (max-width: 878px) 100vw, 878px\" \/><\/figure>\n<\/div><\/div>\n\n\n<div class=\"wp-block-image\">\n<figure class=\"aligncenter size-full\"><img loading=\"lazy\" decoding=\"async\" width=\"763\" height=\"869\" src=\"https:\/\/www.citadelledesisteron.fr\/wp-content\/uploads\/2024\/10\/OBJECTIFS-image.jpg\" alt=\"\" class=\"wp-image-1059\" srcset=\"https:\/\/www.citadelledesisteron.fr\/wp-content\/uploads\/2024\/10\/OBJECTIFS-image.jpg 763w, https:\/\/www.citadelledesisteron.fr\/wp-content\/uploads\/2024\/10\/OBJECTIFS-image-263x300.jpg 263w, https:\/\/www.citadelledesisteron.fr\/wp-content\/uploads\/2024\/10\/OBJECTIFS-image-11x12.jpg 11w\" sizes=\"auto, (max-width: 763px) 100vw, 763px\" \/><figcaption class=\"wp-element-caption\">Cette mus\u00e9ographie consiste \u00e0 susciter une v\u00e9ritable renaissance du site.<br>La Citadelle redynamis\u00e9e contribuera largement aux ambitions r\u00e9gionales et d\u00e9partementales, notamment en termes de valorisation patrimoniale mais aussi de diversification du tourisme r\u00e9gional et de d\u00e9veloppement de l\u2019attractivit\u00e9. Elle contribuera \u00e9galement \u00e0 une sensibilisation accrue des publics \u00e0 la richesse et \u00e0 la fragilit\u00e9 des patrimoines, qu\u2019ils soient architecturaux, culturels, immat\u00e9riels ou naturels.<\/figcaption><\/figure>\n<\/div>\n\n\n<p>De nouveaux parcours de visite immersifs et exp\u00e9rientiels seront propos\u00e9s, accompagn\u00e9s par une mus\u00e9ographie repens\u00e9e, une approche ludique pour sensibiliser les jeunes publics \u00e0 la riche histoire de ce lieu embl\u00e9matique, un espace am\u00e9nag\u00e9 pour les Personnes \u00e0 Mobilit\u00e9 R\u00e9duite,\u2026<\/p>\n\n\n\n<p>Plusieurs axes de r\u00e9flexions ont \u00e9t\u00e9 abord\u00e9s durant cette \u00e9tude afin d\u2019identifier les am\u00e9liorations \u00e0 apporter au parcours de visite actuel du monument.<\/p>\n\n\n\n<div class=\"wp-block-media-text is-stacked-on-mobile\" style=\"grid-template-columns:44% auto\"><figure class=\"wp-block-media-text__media\"><img loading=\"lazy\" decoding=\"async\" width=\"1024\" height=\"722\" src=\"https:\/\/www.citadelledesisteron.fr\/wp-content\/uploads\/2024\/10\/Museo-Chapelle-1024x722.jpg\" alt=\"\" class=\"wp-image-1148 size-full\" srcset=\"https:\/\/www.citadelledesisteron.fr\/wp-content\/uploads\/2024\/10\/Museo-Chapelle-1024x722.jpg 1024w, https:\/\/www.citadelledesisteron.fr\/wp-content\/uploads\/2024\/10\/Museo-Chapelle-300x212.jpg 300w, https:\/\/www.citadelledesisteron.fr\/wp-content\/uploads\/2024\/10\/Museo-Chapelle-768x542.jpg 768w, https:\/\/www.citadelledesisteron.fr\/wp-content\/uploads\/2024\/10\/Museo-Chapelle-18x12.jpg 18w, https:\/\/www.citadelledesisteron.fr\/wp-content\/uploads\/2024\/10\/Museo-Chapelle.jpg 1211w\" sizes=\"auto, (max-width: 1024px) 100vw, 1024px\" \/><\/figure><div class=\"wp-block-media-text__content\">\n<p>Des am\u00e9nagements mus\u00e9aux seront cr\u00e9\u00e9s dans la quasi-totalit\u00e9 des espaces int\u00e9rieurs qu\u2019offre la Citadelle, afin d\u2019en faire des lieux de d\u00e9couverte et de compr\u00e9hension du monument. Plusieurs th\u00e9matiques seront donc explor\u00e9es, notamment l\u2019architecture et les techniques de construction, la vie militaire, l\u2019Histoire ou encore le festival des Nuits de la Citadelle.<\/p>\n<\/div><\/div>\n\n\n\n<div class=\"wp-block-media-text has-media-on-the-right is-stacked-on-mobile\" style=\"grid-template-columns:auto 61%\"><div class=\"wp-block-media-text__content\">\n<p>Les espaces ext\u00e9rieurs seront mis \u00e0 profit pour \u00e9voquer l\u2019histoire et l\u2019urbanisme de la ville de Sisteron, le patrimoine paysager et l\u2019histoire g\u00e9ologique du sisteronais, la Route Napol\u00e9on ou encore, la gestion de l\u2019eau dans la Citadelle.<\/p>\n<\/div><figure class=\"wp-block-media-text__media\"><img loading=\"lazy\" decoding=\"async\" width=\"840\" height=\"673\" src=\"https:\/\/www.citadelledesisteron.fr\/wp-content\/uploads\/2024\/10\/NAPO-POUR-SITE-WEB.jpg\" alt=\"\" class=\"wp-image-1074 size-full\" srcset=\"https:\/\/www.citadelledesisteron.fr\/wp-content\/uploads\/2024\/10\/NAPO-POUR-SITE-WEB.jpg 840w, https:\/\/www.citadelledesisteron.fr\/wp-content\/uploads\/2024\/10\/NAPO-POUR-SITE-WEB-300x240.jpg 300w, https:\/\/www.citadelledesisteron.fr\/wp-content\/uploads\/2024\/10\/NAPO-POUR-SITE-WEB-768x615.jpg 768w, https:\/\/www.citadelledesisteron.fr\/wp-content\/uploads\/2024\/10\/NAPO-POUR-SITE-WEB-15x12.jpg 15w\" sizes=\"auto, (max-width: 840px) 100vw, 840px\" \/><\/figure><\/div>\n\n\n\n<p>Des espaces de repos seront \u00e9galement am\u00e9nag\u00e9s. Ils permettront aux visiteurs de profiter des panoramas exceptionnels qu\u2019offre la forteresse sur les alentours et de prendre conscience de son emplacement strat\u00e9gique tout au long de l\u2019Histoire.<\/p>\n\n\n\n<p>Un parcours de visite permettra aux personnes \u00e0 mobilit\u00e9 r\u00e9duite de d\u00e9couvrir les th\u00e8mes principaux de la mus\u00e9ographie sur des supports adapt\u00e9s. Les visiteurs pourront \u00e9galement b\u00e9n\u00e9ficier, depuis cet espace, d\u2019une vue sur la ville et sur l\u2019\u00e9difice.<\/p>\n\n\n\n<p>La boutique de la Citadelle est un espace essentiel dans le parcours mus\u00e9al tant sur le plan financier que pour le confort du visiteur qui pourra prolonger sa visite par l\u2019achat d\u2019un souvenir ou bien d\u2019un livre\u2026 Il s\u2019agit de d\u00e9localiser l\u2019espace boutique actuel situ\u00e9 dans la chapelle Notre-Dame du Ch\u00e2teau, dans une salle qui se trouve en fin de parcours afin de respecter un mod\u00e8le \u00e9conomique logique et de pouvoir en sus, d\u00e9velopper cette boutique.<\/p>\n\n\n\n<p>La Citadelle de Sisteron repr\u00e9sente un \u00e9l\u00e9ment majeur du patrimoine r\u00e9gional et d\u00e9partemental et plus largement de la culture et du tourisme fran\u00e7ais. Pour ces raisons, l\u2019association ATM esp\u00e8re que les institutions publiques soutiendront ce projet restructurant dans sa r\u00e9alisation globale.<\/p>\n\n\n\n<p>Les travaux de mise en \u0153uvre de cette nouvelle mus\u00e9ographie se feront en deux phases.<\/p>\n\n\n\n<p><\/p>","protected":false},"excerpt":{"rendered":"<p>La Citadelle s&rsquo;adapte et se modernise ! <\/p>","protected":false},"author":3,"featured_media":430,"parent":0,"menu_order":0,"comment_status":"closed","ping_status":"closed","template":"","meta":{"_editorskit_title_hidden":false,"_editorskit_reading_time":0,"_editorskit_is_block_options_detached":false,"_editorskit_block_options_position":"{}","om_disable_all_campaigns":false,"_monsterinsights_skip_tracking":false,"_monsterinsights_sitenote_active":false,"_monsterinsights_sitenote_note":"","_monsterinsights_sitenote_category":0,"footnotes":""},"class_list":["post-578","page","type-page","status-publish","has-post-thumbnail","hentry"],"yoast_head":"<!-- This site is optimized with the Yoast SEO plugin v27.4 - https:\/\/yoast.com\/product\/yoast-seo-wordpress\/ -->\n<title>\u00c9tude - Citadelle de Sisteron<\/title>\n<meta name=\"robots\" content=\"index, follow, max-snippet:-1, max-image-preview:large, max-video-preview:-1\" \/>\n<link rel=\"canonical\" href=\"https:\/\/www.citadelledesisteron.fr\/en\/mediation-culturelle\/\" \/>\n<meta property=\"og:locale\" content=\"en_GB\" \/>\n<meta property=\"og:type\" content=\"article\" \/>\n<meta property=\"og:title\" content=\"\u00c9tude - Citadelle de Sisteron\" \/>\n<meta property=\"og:description\" content=\"La Citadelle s&#039;adapte et se modernise !\" \/>\n<meta property=\"og:url\" content=\"https:\/\/www.citadelledesisteron.fr\/en\/mediation-culturelle\/\" \/>\n<meta property=\"og:site_name\" content=\"Citadelle de Sisteron\" \/>\n<meta property=\"article:publisher\" content=\"https:\/\/www.facebook.com\/citadelledesisteron\/\" \/>\n<meta property=\"article:modified_time\" content=\"2024-10-14T08:28:44+00:00\" \/>\n<meta property=\"og:image\" content=\"https:\/\/www.citadelledesisteron.fr\/wp-content\/uploads\/2023\/03\/IMG-3660-e1728382129200.jpg\" \/>\n\t<meta property=\"og:image:width\" content=\"1500\" \/>\n\t<meta property=\"og:image:height\" content=\"595\" \/>\n\t<meta property=\"og:image:type\" content=\"image\/jpeg\" \/>\n<meta name=\"twitter:card\" content=\"summary_large_image\" \/>\n<meta name=\"twitter:label1\" content=\"Estimated reading time\" \/>\n\t<meta name=\"twitter:data1\" content=\"4 minutes\" \/>\n<script type=\"application\/ld+json\" class=\"yoast-schema-graph\">{\"@context\":\"https:\\\/\\\/schema.org\",\"@graph\":[{\"@type\":\"WebPage\",\"@id\":\"https:\\\/\\\/www.citadelledesisteron.fr\\\/mediation-culturelle\\\/\",\"url\":\"https:\\\/\\\/www.citadelledesisteron.fr\\\/mediation-culturelle\\\/\",\"name\":\"\u00c9tude - Citadelle de Sisteron\",\"isPartOf\":{\"@id\":\"https:\\\/\\\/www.citadelledesisteron.fr\\\/#website\"},\"primaryImageOfPage\":{\"@id\":\"https:\\\/\\\/www.citadelledesisteron.fr\\\/mediation-culturelle\\\/#primaryimage\"},\"image\":{\"@id\":\"https:\\\/\\\/www.citadelledesisteron.fr\\\/mediation-culturelle\\\/#primaryimage\"},\"thumbnailUrl\":\"https:\\\/\\\/www.citadelledesisteron.fr\\\/wp-content\\\/uploads\\\/2023\\\/03\\\/IMG-3660-e1728382129200.jpg\",\"datePublished\":\"2023-11-01T13:00:00+00:00\",\"dateModified\":\"2024-10-14T08:28:44+00:00\",\"breadcrumb\":{\"@id\":\"https:\\\/\\\/www.citadelledesisteron.fr\\\/mediation-culturelle\\\/#breadcrumb\"},\"inLanguage\":\"en-GB\",\"potentialAction\":[{\"@type\":\"ReadAction\",\"target\":[\"https:\\\/\\\/www.citadelledesisteron.fr\\\/mediation-culturelle\\\/\"]}]},{\"@type\":\"ImageObject\",\"inLanguage\":\"en-GB\",\"@id\":\"https:\\\/\\\/www.citadelledesisteron.fr\\\/mediation-culturelle\\\/#primaryimage\",\"url\":\"https:\\\/\\\/www.citadelledesisteron.fr\\\/wp-content\\\/uploads\\\/2023\\\/03\\\/IMG-3660-e1728382129200.jpg\",\"contentUrl\":\"https:\\\/\\\/www.citadelledesisteron.fr\\\/wp-content\\\/uploads\\\/2023\\\/03\\\/IMG-3660-e1728382129200.jpg\",\"width\":1500,\"height\":595},{\"@type\":\"BreadcrumbList\",\"@id\":\"https:\\\/\\\/www.citadelledesisteron.fr\\\/mediation-culturelle\\\/#breadcrumb\",\"itemListElement\":[{\"@type\":\"ListItem\",\"position\":1,\"name\":\"Accueil\",\"item\":\"https:\\\/\\\/www.citadelledesisteron.fr\\\/\"},{\"@type\":\"ListItem\",\"position\":2,\"name\":\"\u00c9tude\"}]},{\"@type\":\"WebSite\",\"@id\":\"https:\\\/\\\/www.citadelledesisteron.fr\\\/#website\",\"url\":\"https:\\\/\\\/www.citadelledesisteron.fr\\\/\",\"name\":\"Citadelle de Sisteron\",\"description\":\"Un site utilisant WordPress\",\"publisher\":{\"@id\":\"https:\\\/\\\/www.citadelledesisteron.fr\\\/#organization\"},\"potentialAction\":[{\"@type\":\"SearchAction\",\"target\":{\"@type\":\"EntryPoint\",\"urlTemplate\":\"https:\\\/\\\/www.citadelledesisteron.fr\\\/?s={search_term_string}\"},\"query-input\":{\"@type\":\"PropertyValueSpecification\",\"valueRequired\":true,\"valueName\":\"search_term_string\"}}],\"inLanguage\":\"en-GB\"},{\"@type\":\"Organization\",\"@id\":\"https:\\\/\\\/www.citadelledesisteron.fr\\\/#organization\",\"name\":\"Citadelle de Sisteron\",\"url\":\"https:\\\/\\\/www.citadelledesisteron.fr\\\/\",\"logo\":{\"@type\":\"ImageObject\",\"inLanguage\":\"en-GB\",\"@id\":\"https:\\\/\\\/www.citadelledesisteron.fr\\\/#\\\/schema\\\/logo\\\/image\\\/\",\"url\":\"https:\\\/\\\/www.citadelledesisteron.fr\\\/wp-content\\\/uploads\\\/2022\\\/06\\\/cropped-citadelleSisteron.png\",\"contentUrl\":\"https:\\\/\\\/www.citadelledesisteron.fr\\\/wp-content\\\/uploads\\\/2022\\\/06\\\/cropped-citadelleSisteron.png\",\"width\":835,\"height\":231,\"caption\":\"Citadelle de Sisteron\"},\"image\":{\"@id\":\"https:\\\/\\\/www.citadelledesisteron.fr\\\/#\\\/schema\\\/logo\\\/image\\\/\"},\"sameAs\":[\"https:\\\/\\\/www.facebook.com\\\/citadelledesisteron\\\/\",\"https:\\\/\\\/www.youtube.com\\\/channel\\\/UC3a5Quz-UGKoYbE23Y_NTyg\",\"https:\\\/\\\/www.instagram.com\\\/citadelledesisteron\\\/?hl=fr\"]}]}<\/script>\n<!-- \/ Yoast SEO plugin. -->","yoast_head_json":{"title":"\u00c9tude - Citadelle de Sisteron","robots":{"index":"index","follow":"follow","max-snippet":"max-snippet:-1","max-image-preview":"max-image-preview:large","max-video-preview":"max-video-preview:-1"},"canonical":"https:\/\/www.citadelledesisteron.fr\/en\/mediation-culturelle\/","og_locale":"en_GB","og_type":"article","og_title":"\u00c9tude - Citadelle de Sisteron","og_description":"La Citadelle s'adapte et se modernise !","og_url":"https:\/\/www.citadelledesisteron.fr\/en\/mediation-culturelle\/","og_site_name":"Citadelle de Sisteron","article_publisher":"https:\/\/www.facebook.com\/citadelledesisteron\/","article_modified_time":"2024-10-14T08:28:44+00:00","og_image":[{"width":1500,"height":595,"url":"https:\/\/www.citadelledesisteron.fr\/wp-content\/uploads\/2023\/03\/IMG-3660-e1728382129200.jpg","type":"image\/jpeg"}],"twitter_card":"summary_large_image","twitter_misc":{"Estimated reading time":"4 minutes"},"schema":{"@context":"https:\/\/schema.org","@graph":[{"@type":"WebPage","@id":"https:\/\/www.citadelledesisteron.fr\/mediation-culturelle\/","url":"https:\/\/www.citadelledesisteron.fr\/mediation-culturelle\/","name":"\u00c9tude - Citadelle de Sisteron","isPartOf":{"@id":"https:\/\/www.citadelledesisteron.fr\/#website"},"primaryImageOfPage":{"@id":"https:\/\/www.citadelledesisteron.fr\/mediation-culturelle\/#primaryimage"},"image":{"@id":"https:\/\/www.citadelledesisteron.fr\/mediation-culturelle\/#primaryimage"},"thumbnailUrl":"https:\/\/www.citadelledesisteron.fr\/wp-content\/uploads\/2023\/03\/IMG-3660-e1728382129200.jpg","datePublished":"2023-11-01T13:00:00+00:00","dateModified":"2024-10-14T08:28:44+00:00","breadcrumb":{"@id":"https:\/\/www.citadelledesisteron.fr\/mediation-culturelle\/#breadcrumb"},"inLanguage":"en-GB","potentialAction":[{"@type":"ReadAction","target":["https:\/\/www.citadelledesisteron.fr\/mediation-culturelle\/"]}]},{"@type":"ImageObject","inLanguage":"en-GB","@id":"https:\/\/www.citadelledesisteron.fr\/mediation-culturelle\/#primaryimage","url":"https:\/\/www.citadelledesisteron.fr\/wp-content\/uploads\/2023\/03\/IMG-3660-e1728382129200.jpg","contentUrl":"https:\/\/www.citadelledesisteron.fr\/wp-content\/uploads\/2023\/03\/IMG-3660-e1728382129200.jpg","width":1500,"height":595},{"@type":"BreadcrumbList","@id":"https:\/\/www.citadelledesisteron.fr\/mediation-culturelle\/#breadcrumb","itemListElement":[{"@type":"ListItem","position":1,"name":"Accueil","item":"https:\/\/www.citadelledesisteron.fr\/"},{"@type":"ListItem","position":2,"name":"\u00c9tude"}]},{"@type":"WebSite","@id":"https:\/\/www.citadelledesisteron.fr\/#website","url":"https:\/\/www.citadelledesisteron.fr\/","name":"Citadelle de Sisteron","description":"Un site utilisant WordPress","publisher":{"@id":"https:\/\/www.citadelledesisteron.fr\/#organization"},"potentialAction":[{"@type":"SearchAction","target":{"@type":"EntryPoint","urlTemplate":"https:\/\/www.citadelledesisteron.fr\/?s={search_term_string}"},"query-input":{"@type":"PropertyValueSpecification","valueRequired":true,"valueName":"search_term_string"}}],"inLanguage":"en-GB"},{"@type":"Organization","@id":"https:\/\/www.citadelledesisteron.fr\/#organization","name":"Citadelle de Sisteron","url":"https:\/\/www.citadelledesisteron.fr\/","logo":{"@type":"ImageObject","inLanguage":"en-GB","@id":"https:\/\/www.citadelledesisteron.fr\/#\/schema\/logo\/image\/","url":"https:\/\/www.citadelledesisteron.fr\/wp-content\/uploads\/2022\/06\/cropped-citadelleSisteron.png","contentUrl":"https:\/\/www.citadelledesisteron.fr\/wp-content\/uploads\/2022\/06\/cropped-citadelleSisteron.png","width":835,"height":231,"caption":"Citadelle de Sisteron"},"image":{"@id":"https:\/\/www.citadelledesisteron.fr\/#\/schema\/logo\/image\/"},"sameAs":["https:\/\/www.facebook.com\/citadelledesisteron\/","https:\/\/www.youtube.com\/channel\/UC3a5Quz-UGKoYbE23Y_NTyg","https:\/\/www.instagram.com\/citadelledesisteron\/?hl=fr"]}]}},"_links":{"self":[{"href":"https:\/\/www.citadelledesisteron.fr\/en\/wp-json\/wp\/v2\/pages\/578","targetHints":{"allow":["GET"]}}],"collection":[{"href":"https:\/\/www.citadelledesisteron.fr\/en\/wp-json\/wp\/v2\/pages"}],"about":[{"href":"https:\/\/www.citadelledesisteron.fr\/en\/wp-json\/wp\/v2\/types\/page"}],"author":[{"embeddable":true,"href":"https:\/\/www.citadelledesisteron.fr\/en\/wp-json\/wp\/v2\/users\/3"}],"replies":[{"embeddable":true,"href":"https:\/\/www.citadelledesisteron.fr\/en\/wp-json\/wp\/v2\/comments?post=578"}],"version-history":[{"count":173,"href":"https:\/\/www.citadelledesisteron.fr\/en\/wp-json\/wp\/v2\/pages\/578\/revisions"}],"predecessor-version":[{"id":1240,"href":"https:\/\/www.citadelledesisteron.fr\/en\/wp-json\/wp\/v2\/pages\/578\/revisions\/1240"}],"wp:featuredmedia":[{"embeddable":true,"href":"https:\/\/www.citadelledesisteron.fr\/en\/wp-json\/wp\/v2\/media\/430"}],"wp:attachment":[{"href":"https:\/\/www.citadelledesisteron.fr\/en\/wp-json\/wp\/v2\/media?parent=578"}],"curies":[{"name":"wp","href":"https:\/\/api.w.org\/{rel}","templated":true}]}}